{"id":7703,"date":"2021-10-18T12:46:47","date_gmt":"2021-10-18T09:46:47","guid":{"rendered":"https:\/\/torapetrol.com\/akustik-sizdirmazlik-tank-testi\/"},"modified":"2021-10-18T15:44:14","modified_gmt":"2021-10-18T12:44:14","slug":"vacuum-acoustic-tank-tightness-test","status":"publish","type":"page","link":"https:\/\/torapetrol.com\/en\/vacuum-acoustic-tank-tightness-test\/","title":{"rendered":"Akustik S\u0131zd\u0131rmazl\u0131k Tank Testi"},"content":{"rendered":"<p><div class=\"fusion-fullwidth fullwidth-box fusion-builder-row-1 nonhundred-percent-fullwidth non-hundred-percent-height-scrolling\" style=\"--awb-border-radius-top-left:0px;--awb-border-radius-top-right:0px;--awb-border-radius-bottom-right:0px;--awb-border-radius-bottom-left:0px;--awb-padding-top:20px;--awb-padding-bottom:20px;--awb-flex-wrap:wrap;\" ><div class=\"fusion-builder-row fusion-row\"><div class=\"fusion-layout-column fusion_builder_column fusion-builder-column-0 fusion_builder_column_1_6 1_6 fusion-one-sixth fusion-column-first\" style=\"--awb-bg-size:cover;width:16.666666666667%;width:calc(16.666666666667% - ( ( 4% + 4% ) * 0.16666666666667 ) );margin-right: 4%;\"><div class=\"fusion-column-wrapper fusion-flex-column-wrapper-legacy\"><div class=\"fusion-clearfix\"><\/div><\/div><\/div><div class=\"fusion-layout-column fusion_builder_column fusion-builder-column-1 fusion_builder_column_2_3 2_3 fusion-two-third\" style=\"--awb-bg-size:cover;width:66.666666666667%;width:calc(66.666666666667% - ( ( 4% + 4% ) * 0.66666666666667 ) );margin-right: 4%;\"><div class=\"fusion-column-wrapper fusion-flex-column-wrapper-legacy\"><div class=\"fusion-image-element fusion-image-align-center in-legacy-container\" style=\"text-align:center;--awb-caption-title-font-family:var(--h2_typography-font-family);--awb-caption-title-font-weight:var(--h2_typography-font-weight);--awb-caption-title-font-style:var(--h2_typography-font-style);--awb-caption-title-size:var(--h2_typography-font-size);--awb-caption-title-transform:var(--h2_typography-text-transform);--awb-caption-title-line-height:var(--h2_typography-line-height);--awb-caption-title-letter-spacing:var(--h2_typography-letter-spacing);\"><div class=\"imageframe-align-center\"><span class=\" fusion-imageframe imageframe-none imageframe-1 hover-type-none\"><img decoding=\"async\" width=\"578\" height=\"578\" title=\"Akustik s\u0131zd\u0131rmazl\u0131k tank testi\" src=\"https:\/\/torapetrol.com\/wp-content\/uploads\/service-akustik-sizdirmzlik-tank-testi.jpg\" alt class=\"img-responsive wp-image-5711\" srcset=\"https:\/\/torapetrol.com\/wp-content\/uploads\/\/service-akustik-sizdirmzlik-tank-testi-200x200.jpg 200w, https:\/\/torapetrol.com\/wp-content\/uploads\/\/service-akustik-sizdirmzlik-tank-testi-400x400.jpg 400w, https:\/\/torapetrol.com\/wp-content\/uploads\/service-akustik-sizdirmzlik-tank-testi.jpg 578w\" sizes=\"(max-width: 800px) 100vw, 578px\" \/><\/span><\/div><\/div><div class=\"fusion-clearfix\"><\/div><\/div><\/div><div class=\"fusion-layout-column fusion_builder_column fusion-builder-column-2 fusion_builder_column_1_6 1_6 fusion-one-sixth fusion-column-last\" style=\"--awb-bg-size:cover;width:16.666666666667%;width:calc(16.666666666667% - ( ( 4% + 4% ) * 0.16666666666667 ) );\"><div class=\"fusion-column-wrapper fusion-flex-column-wrapper-legacy\"><div class=\"fusion-clearfix\"><\/div><\/div><\/div><\/div><\/div><div class=\"fusion-fullwidth fullwidth-box fusion-builder-row-2 nonhundred-percent-fullwidth non-hundred-percent-height-scrolling\" style=\"--awb-border-radius-top-left:0px;--awb-border-radius-top-right:0px;--awb-border-radius-bottom-right:0px;--awb-border-radius-bottom-left:0px;--awb-padding-top:20px;--awb-padding-bottom:20px;--awb-flex-wrap:wrap;\" ><div class=\"fusion-builder-row fusion-row\"><div class=\"fusion-layout-column fusion_builder_column fusion-builder-column-3 fusion_builder_column_1_1 1_1 fusion-one-full fusion-column-first fusion-column-last\" style=\"--awb-bg-size:cover;\"><div class=\"fusion-column-wrapper fusion-flex-column-wrapper-legacy\"><div class=\"fusion-text fusion-text-1\"><h2 style=\"text-align: center;\"><strong>Vacuum Acoustic Tank Tightness Test<\/strong><\/h2>\n<ul>\n<li style=\"text-align: justify;\">With our certified vacuum acoustic tank tightness test, all your underground fuel storage tanks\u2019 leak detection and tightness tests are done.<\/li>\n<li style=\"text-align: justify;\">All test process are recorded, reports are created by software system. Reports are produced with TS EN ISO\/IEC 17020 accreditation certification.<\/li>\n<li style=\"text-align: justify;\">With our vacuum acoustic tank tightness test method, the TS 12820 T5 requirements of tightness test are sustained.<\/li>\n<li style=\"text-align: justify;\">The method used is capable and suitable to detect at least 0.38 l\/h fuel leakages at underground fuel storage tanks.<\/li>\n<\/ul>\n<h2 style=\"text-align: center;\"><strong>TORA AND CUSTOMER RESPONSIBILITIES, RIGHTS AND AUTHORITIES<\/strong><\/h2>\n<p><strong><u>TORA Responsibilities<\/u><\/strong><\/p>\n<ol>\n<li style=\"text-align: justify;\">TORA is responsible to sustain all required safety equipment and precautions during the inspection activity as mentioned by local laws and regulations.<\/li>\n<li style=\"text-align: justify;\">TORA accepts and commits that TORA would not share any commercial and\/or technical information which becomes available during the inspection activities with the third parties or institutions without the written approval of the customer under any circumstances due to the confidentially principle. If those information is shared with third parties due to the local laws and regulations, customer is informed to the extend and scope mentioned by the local laws and regulations.<\/li>\n<\/ol>\n<p><strong><u>TORA Rights and Authorities<\/u><\/strong><\/p>\n<ol>\n<li>TORA has right to withdrawn, re-issue or cancel those issued reports. In any case, TORA informs the customer by email and verbally.<\/li>\n<li>Cancelled reports are announced at the web site.<\/li>\n<\/ol>\n<p><strong><u>Customer Responsibilities<\/u><\/strong><\/p>\n<ol>\n<li style=\"text-align: justify;\">Customer is responsible to give true and certain information about the inspection activity.<\/li>\n<li style=\"text-align: justify;\">Customer is considered to be accepted the \u201cTORA and Customer Responsibilities, Rights and Authorities\u201d issued at TORA website by signing the order form.<\/li>\n<li style=\"text-align: justify;\">Customer is responsible to fulfil required preparations as mentioned at \u201cPreparation That Should Be Done Before The Inspection\u201d issued at TORA website. Customer considered to be accepted to pay all necessary cost due to not fulfill those preparations and causing the cancellation of inspection.<\/li>\n<li style=\"text-align: justify;\">Customer is responsible to give back the original reports if requested by TORA as an inspection agency.<\/li>\n<li style=\"text-align: justify;\">Customer is responsible to dispose of the copies (if there is so) of the withdrawn and cancelled reports and do not use them.<\/li>\n<\/ol>\n<p><strong><u>Customer Rights and Authorities<\/u><\/strong><\/p>\n<ol>\n<li style=\"text-align: justify;\">Customer has right to demand any data or document related with the inspection.<\/li>\n<li style=\"text-align: justify;\">Customer has right to demand according to Complaints and Appeal procedure related with the inspection.<\/li>\n<li style=\"text-align: justify;\">Customer has right to be informed about the issued, withdrawn and cancelled reports. Customer has right to claim repayment for cancelled reports if there is no his\/her fault about the cancellation.<\/li>\n<li style=\"text-align: justify;\">Customer has right to be informed about preparation that should be done by himself or herself before the inspection any time.<\/li>\n<li style=\"text-align: justify;\">Customer has right to be informed as mention by the local laws and regulations incase inspection activity information has be shared to the third parties as required by the local laws and regulations.<\/li>\n<\/ol>\n<p><strong>PREPARATIONS THAT SHOULD BE DONE BEFORE THE INSPECTION<\/strong><\/p>\n<p style=\"text-align: justify;\">Customer is responsible to make below mentioned necessary preparations before the vacuum acoustic tank tightness test:<\/p>\n<ol>\n<li style=\"text-align: justify;\">Tank site area should be empty. Manhole cover should be suitable to open.<\/li>\n<li style=\"text-align: justify;\">There should not be any water, fuel, mud, or etc. inside the manhole that can prevent working inside the manhole.<\/li>\n<li style=\"text-align: justify;\">The inspected tanks and other connected manifolded tanks are stopped for sale during the test.<\/li>\n<li style=\"text-align: justify;\">Automation system prob can be removed if necessary.<\/li>\n<li style=\"text-align: justify;\">Electrical panel should be accessible in order to stop the necessary electrical equipment during the inspection.<\/li>\n<\/ol>\n<p><strong>COMPLAINS AND APPEALS<\/strong><\/p>\n<p style=\"text-align: justify;\">You can send your complains and appeals via below mentioned channels. Call Center number can be found at the main page of TORA website. The complains and appeals are handled according to the below work flow.<\/p>\n<p><img decoding=\"async\" class=\"size-full wp-image-7710 aligncenter\" src=\"https:\/\/torapetrol.com\/wp-content\/uploads\/AkustikTankTestSikayetItirazEng.png\" alt=\"\" width=\"2328\" height=\"2967\" srcset=\"https:\/\/torapetrol.com\/wp-content\/uploads\/AkustikTankTestSikayetItirazEng-200x255.png 200w, https:\/\/torapetrol.com\/wp-content\/uploads\/AkustikTankTestSikayetItirazEng-235x300.png 235w, https:\/\/torapetrol.com\/wp-content\/uploads\/AkustikTankTestSikayetItirazEng-400x510.png 400w, https:\/\/torapetrol.com\/wp-content\/uploads\/AkustikTankTestSikayetItirazEng-600x765.png 600w, https:\/\/torapetrol.com\/wp-content\/uploads\/AkustikTankTestSikayetItirazEng-768x979.png 768w, https:\/\/torapetrol.com\/wp-content\/uploads\/AkustikTankTestSikayetItirazEng-800x1020.png 800w, https:\/\/torapetrol.com\/wp-content\/uploads\/AkustikTankTestSikayetItirazEng-803x1024.png 803w, https:\/\/torapetrol.com\/wp-content\/uploads\/AkustikTankTestSikayetItirazEng-1200x1529.png 1200w, https:\/\/torapetrol.com\/wp-content\/uploads\/AkustikTankTestSikayetItirazEng-1205x1536.png 1205w, https:\/\/torapetrol.com\/wp-content\/uploads\/AkustikTankTestSikayetItirazEng-1607x2048.png 1607w, https:\/\/torapetrol.com\/wp-content\/uploads\/AkustikTankTestSikayetItirazEng.png 2328w\" sizes=\"(max-width: 2328px) 100vw, 2328px\" \/><\/p>\n<p>The below mentioned reports are cancelled.<\/p>\n<p>W00067605-H3420<br \/>\nW00064179-H3420<br \/>\nW00065260-H3420<br \/>\nW00065316-H3420<br \/>\nW00065866-H3420<br \/>\nW00066849-H3417<\/p>\n<\/div><div class=\"fusion-clearfix\"><\/div><\/div><\/div><\/div><\/div><\/p>\n","protected":false},"excerpt":{"rendered":"","protected":false},"author":4,"featured_media":0,"parent":0,"menu_order":0,"comment_status":"closed","ping_status":"closed","template":"side-navigation.php","meta":{"footnotes":""},"class_list":["post-7703","page","type-page","status-publish","hentry"],"yoast_head":"<!-- This site is optimized with the Yoast SEO plugin v27.4 - https:\/\/yoast.com\/product\/yoast-seo-wordpress\/ -->\n<title>Yeralt\u0131 Akaryak\u0131t Tanklar\u0131nda Akustik S\u0131zd\u0131rmazl\u0131k Tank Testi - Tora Petrol<\/title>\n<meta name=\"description\" content=\"ISO EN 17020 belgeli akustik s\u0131zd\u0131rmazl\u0131k tank testi sayesinde, t\u00fcm yeralt\u0131 akaryak\u0131t tanklar\u0131n\u0131z\u0131n, \u00fcr\u00fcn ve dolumlar\u0131n ka\u00e7ak tespiti ve s\u0131zd\u0131rmazl\u0131k testi.\" \/>\n<meta name=\"robots\" content=\"index, follow, max-snippet:-1, max-image-preview:large, max-video-preview:-1\" \/>\n<link rel=\"canonical\" href=\"https:\/\/torapetrol.com\/en\/vacuum-acoustic-tank-tightness-test\/\" \/>\n<meta property=\"og:locale\" content=\"en_US\" \/>\n<meta property=\"og:type\" content=\"article\" \/>\n<meta property=\"og:title\" content=\"Yeralt\u0131 Akaryak\u0131t Tanklar\u0131nda Akustik S\u0131zd\u0131rmazl\u0131k Tank Testi - Tora Petrol\" \/>\n<meta property=\"og:description\" content=\"ISO EN 17020 belgeli akustik s\u0131zd\u0131rmazl\u0131k tank testi sayesinde, t\u00fcm yeralt\u0131 akaryak\u0131t tanklar\u0131n\u0131z\u0131n, \u00fcr\u00fcn ve dolumlar\u0131n ka\u00e7ak tespiti ve s\u0131zd\u0131rmazl\u0131k testi.\" \/>\n<meta property=\"og:url\" content=\"https:\/\/torapetrol.com\/en\/vacuum-acoustic-tank-tightness-test\/\" \/>\n<meta property=\"og:site_name\" content=\"Tora Petrol\" \/>\n<meta property=\"article:publisher\" content=\"https:\/\/www.facebook.com\/torapetrol\" \/>\n<meta property=\"article:modified_time\" content=\"2021-10-18T12:44:14+00:00\" \/>\n<meta property=\"og:image\" content=\"https:\/\/torapetrol.com\/wp-content\/uploads\/AkustikTankTestSikayetItirazEng.png\" \/>\n<meta name=\"twitter:card\" content=\"summary_large_image\" \/>\n<meta name=\"twitter:site\" content=\"@torapetrol\" \/>\n<meta name=\"twitter:label1\" content=\"Est. reading time\" \/>\n\t<meta name=\"twitter:data1\" content=\"6 minutes\" \/>\n<script type=\"application\/ld+json\" class=\"yoast-schema-graph\">{\"@context\":\"https:\\\/\\\/schema.org\",\"@graph\":[{\"@type\":\"WebPage\",\"@id\":\"https:\\\/\\\/torapetrol.com\\\/en\\\/vacuum-acoustic-tank-tightness-test\\\/\",\"url\":\"https:\\\/\\\/torapetrol.com\\\/en\\\/vacuum-acoustic-tank-tightness-test\\\/\",\"name\":\"Yeralt\u0131 Akaryak\u0131t Tanklar\u0131nda Akustik S\u0131zd\u0131rmazl\u0131k Tank Testi - Tora Petrol\",\"isPartOf\":{\"@id\":\"https:\\\/\\\/torapetrol.com\\\/en\\\/#website\"},\"primaryImageOfPage\":{\"@id\":\"https:\\\/\\\/torapetrol.com\\\/en\\\/vacuum-acoustic-tank-tightness-test\\\/#primaryimage\"},\"image\":{\"@id\":\"https:\\\/\\\/torapetrol.com\\\/en\\\/vacuum-acoustic-tank-tightness-test\\\/#primaryimage\"},\"thumbnailUrl\":\"https:\\\/\\\/torapetrol.com\\\/wp-content\\\/uploads\\\/AkustikTankTestSikayetItirazEng.png\",\"datePublished\":\"2021-10-18T09:46:47+00:00\",\"dateModified\":\"2021-10-18T12:44:14+00:00\",\"description\":\"ISO EN 17020 belgeli akustik s\u0131zd\u0131rmazl\u0131k tank testi sayesinde, t\u00fcm yeralt\u0131 akaryak\u0131t tanklar\u0131n\u0131z\u0131n, \u00fcr\u00fcn ve dolumlar\u0131n ka\u00e7ak tespiti ve s\u0131zd\u0131rmazl\u0131k testi.\",\"breadcrumb\":{\"@id\":\"https:\\\/\\\/torapetrol.com\\\/en\\\/vacuum-acoustic-tank-tightness-test\\\/#breadcrumb\"},\"inLanguage\":\"en-US\",\"potentialAction\":[{\"@type\":\"ReadAction\",\"target\":[\"https:\\\/\\\/torapetrol.com\\\/en\\\/vacuum-acoustic-tank-tightness-test\\\/\"]}]},{\"@type\":\"ImageObject\",\"inLanguage\":\"en-US\",\"@id\":\"https:\\\/\\\/torapetrol.com\\\/en\\\/vacuum-acoustic-tank-tightness-test\\\/#primaryimage\",\"url\":\"https:\\\/\\\/torapetrol.com\\\/wp-content\\\/uploads\\\/AkustikTankTestSikayetItirazEng.png\",\"contentUrl\":\"https:\\\/\\\/torapetrol.com\\\/wp-content\\\/uploads\\\/AkustikTankTestSikayetItirazEng.png\"},{\"@type\":\"BreadcrumbList\",\"@id\":\"https:\\\/\\\/torapetrol.com\\\/en\\\/vacuum-acoustic-tank-tightness-test\\\/#breadcrumb\",\"itemListElement\":[{\"@type\":\"ListItem\",\"position\":1,\"name\":\"Home\",\"item\":\"https:\\\/\\\/torapetrol.com\\\/en\\\/home-page\\\/\"},{\"@type\":\"ListItem\",\"position\":2,\"name\":\"Akustik S\u0131zd\u0131rmazl\u0131k Tank Testi\"}]},{\"@type\":\"WebSite\",\"@id\":\"https:\\\/\\\/torapetrol.com\\\/en\\\/#website\",\"url\":\"https:\\\/\\\/torapetrol.com\\\/en\\\/\",\"name\":\"Tora Petrol\",\"description\":\"Tora Petrol M&uuml;hendisli\u011fi\",\"publisher\":{\"@id\":\"https:\\\/\\\/torapetrol.com\\\/en\\\/#organization\"},\"potentialAction\":[{\"@type\":\"SearchAction\",\"target\":{\"@type\":\"EntryPoint\",\"urlTemplate\":\"https:\\\/\\\/torapetrol.com\\\/en\\\/?s={search_term_string}\"},\"query-input\":{\"@type\":\"PropertyValueSpecification\",\"valueRequired\":true,\"valueName\":\"search_term_string\"}}],\"inLanguage\":\"en-US\"},{\"@type\":\"Organization\",\"@id\":\"https:\\\/\\\/torapetrol.com\\\/en\\\/#organization\",\"name\":\"Tora\",\"url\":\"https:\\\/\\\/torapetrol.com\\\/en\\\/\",\"logo\":{\"@type\":\"ImageObject\",\"inLanguage\":\"en-US\",\"@id\":\"https:\\\/\\\/torapetrol.com\\\/en\\\/#\\\/schema\\\/logo\\\/image\\\/\",\"url\":\"https:\\\/\\\/torapetrol.com\\\/wp-content\\\/uploads\\\/toralogo-kisalogo-renkli-2021_180x180.png\",\"contentUrl\":\"https:\\\/\\\/torapetrol.com\\\/wp-content\\\/uploads\\\/toralogo-kisalogo-renkli-2021_180x180.png\",\"width\":180,\"height\":180,\"caption\":\"Tora\"},\"image\":{\"@id\":\"https:\\\/\\\/torapetrol.com\\\/en\\\/#\\\/schema\\\/logo\\\/image\\\/\"},\"sameAs\":[\"https:\\\/\\\/www.facebook.com\\\/torapetrol\",\"https:\\\/\\\/x.com\\\/torapetrol\"]}]}<\/script>\n<!-- \/ Yoast SEO plugin. -->","yoast_head_json":{"title":"Yeralt\u0131 Akaryak\u0131t Tanklar\u0131nda Akustik S\u0131zd\u0131rmazl\u0131k Tank Testi - Tora Petrol","description":"ISO EN 17020 belgeli akustik s\u0131zd\u0131rmazl\u0131k tank testi sayesinde, t\u00fcm yeralt\u0131 akaryak\u0131t tanklar\u0131n\u0131z\u0131n, \u00fcr\u00fcn ve dolumlar\u0131n ka\u00e7ak tespiti ve s\u0131zd\u0131rmazl\u0131k testi.","robots":{"index":"index","follow":"follow","max-snippet":"max-snippet:-1","max-image-preview":"max-image-preview:large","max-video-preview":"max-video-preview:-1"},"canonical":"https:\/\/torapetrol.com\/en\/vacuum-acoustic-tank-tightness-test\/","og_locale":"en_US","og_type":"article","og_title":"Yeralt\u0131 Akaryak\u0131t Tanklar\u0131nda Akustik S\u0131zd\u0131rmazl\u0131k Tank Testi - Tora Petrol","og_description":"ISO EN 17020 belgeli akustik s\u0131zd\u0131rmazl\u0131k tank testi sayesinde, t\u00fcm yeralt\u0131 akaryak\u0131t tanklar\u0131n\u0131z\u0131n, \u00fcr\u00fcn ve dolumlar\u0131n ka\u00e7ak tespiti ve s\u0131zd\u0131rmazl\u0131k testi.","og_url":"https:\/\/torapetrol.com\/en\/vacuum-acoustic-tank-tightness-test\/","og_site_name":"Tora Petrol","article_publisher":"https:\/\/www.facebook.com\/torapetrol","article_modified_time":"2021-10-18T12:44:14+00:00","og_image":[{"url":"https:\/\/torapetrol.com\/wp-content\/uploads\/AkustikTankTestSikayetItirazEng.png","type":"","width":"","height":""}],"twitter_card":"summary_large_image","twitter_site":"@torapetrol","twitter_misc":{"Est. reading time":"6 minutes"},"schema":{"@context":"https:\/\/schema.org","@graph":[{"@type":"WebPage","@id":"https:\/\/torapetrol.com\/en\/vacuum-acoustic-tank-tightness-test\/","url":"https:\/\/torapetrol.com\/en\/vacuum-acoustic-tank-tightness-test\/","name":"Yeralt\u0131 Akaryak\u0131t Tanklar\u0131nda Akustik S\u0131zd\u0131rmazl\u0131k Tank Testi - Tora Petrol","isPartOf":{"@id":"https:\/\/torapetrol.com\/en\/#website"},"primaryImageOfPage":{"@id":"https:\/\/torapetrol.com\/en\/vacuum-acoustic-tank-tightness-test\/#primaryimage"},"image":{"@id":"https:\/\/torapetrol.com\/en\/vacuum-acoustic-tank-tightness-test\/#primaryimage"},"thumbnailUrl":"https:\/\/torapetrol.com\/wp-content\/uploads\/AkustikTankTestSikayetItirazEng.png","datePublished":"2021-10-18T09:46:47+00:00","dateModified":"2021-10-18T12:44:14+00:00","description":"ISO EN 17020 belgeli akustik s\u0131zd\u0131rmazl\u0131k tank testi sayesinde, t\u00fcm yeralt\u0131 akaryak\u0131t tanklar\u0131n\u0131z\u0131n, \u00fcr\u00fcn ve dolumlar\u0131n ka\u00e7ak tespiti ve s\u0131zd\u0131rmazl\u0131k testi.","breadcrumb":{"@id":"https:\/\/torapetrol.com\/en\/vacuum-acoustic-tank-tightness-test\/#breadcrumb"},"inLanguage":"en-US","potentialAction":[{"@type":"ReadAction","target":["https:\/\/torapetrol.com\/en\/vacuum-acoustic-tank-tightness-test\/"]}]},{"@type":"ImageObject","inLanguage":"en-US","@id":"https:\/\/torapetrol.com\/en\/vacuum-acoustic-tank-tightness-test\/#primaryimage","url":"https:\/\/torapetrol.com\/wp-content\/uploads\/AkustikTankTestSikayetItirazEng.png","contentUrl":"https:\/\/torapetrol.com\/wp-content\/uploads\/AkustikTankTestSikayetItirazEng.png"},{"@type":"BreadcrumbList","@id":"https:\/\/torapetrol.com\/en\/vacuum-acoustic-tank-tightness-test\/#breadcrumb","itemListElement":[{"@type":"ListItem","position":1,"name":"Home","item":"https:\/\/torapetrol.com\/en\/home-page\/"},{"@type":"ListItem","position":2,"name":"Akustik S\u0131zd\u0131rmazl\u0131k Tank Testi"}]},{"@type":"WebSite","@id":"https:\/\/torapetrol.com\/en\/#website","url":"https:\/\/torapetrol.com\/en\/","name":"Tora Petrol","description":"Tora Petrol M&uuml;hendisli\u011fi","publisher":{"@id":"https:\/\/torapetrol.com\/en\/#organization"},"potentialAction":[{"@type":"SearchAction","target":{"@type":"EntryPoint","urlTemplate":"https:\/\/torapetrol.com\/en\/?s={search_term_string}"},"query-input":{"@type":"PropertyValueSpecification","valueRequired":true,"valueName":"search_term_string"}}],"inLanguage":"en-US"},{"@type":"Organization","@id":"https:\/\/torapetrol.com\/en\/#organization","name":"Tora","url":"https:\/\/torapetrol.com\/en\/","logo":{"@type":"ImageObject","inLanguage":"en-US","@id":"https:\/\/torapetrol.com\/en\/#\/schema\/logo\/image\/","url":"https:\/\/torapetrol.com\/wp-content\/uploads\/toralogo-kisalogo-renkli-2021_180x180.png","contentUrl":"https:\/\/torapetrol.com\/wp-content\/uploads\/toralogo-kisalogo-renkli-2021_180x180.png","width":180,"height":180,"caption":"Tora"},"image":{"@id":"https:\/\/torapetrol.com\/en\/#\/schema\/logo\/image\/"},"sameAs":["https:\/\/www.facebook.com\/torapetrol","https:\/\/x.com\/torapetrol"]}]}},"_links":{"self":[{"href":"https:\/\/torapetrol.com\/en\/wp-json\/wp\/v2\/pages\/7703","targetHints":{"allow":["GET"]}}],"collection":[{"href":"https:\/\/torapetrol.com\/en\/wp-json\/wp\/v2\/pages"}],"about":[{"href":"https:\/\/torapetrol.com\/en\/wp-json\/wp\/v2\/types\/page"}],"author":[{"embeddable":true,"href":"https:\/\/torapetrol.com\/en\/wp-json\/wp\/v2\/users\/4"}],"replies":[{"embeddable":true,"href":"https:\/\/torapetrol.com\/en\/wp-json\/wp\/v2\/comments?post=7703"}],"version-history":[{"count":6,"href":"https:\/\/torapetrol.com\/en\/wp-json\/wp\/v2\/pages\/7703\/revisions"}],"predecessor-version":[{"id":7715,"href":"https:\/\/torapetrol.com\/en\/wp-json\/wp\/v2\/pages\/7703\/revisions\/7715"}],"wp:attachment":[{"href":"https:\/\/torapetrol.com\/en\/wp-json\/wp\/v2\/media?parent=7703"}],"curies":[{"name":"wp","href":"https:\/\/api.w.org\/{rel}","templated":true}]}}