{"id":8867,"date":"2023-12-15T12:53:50","date_gmt":"2023-12-15T09:53:50","guid":{"rendered":"https:\/\/torapetrol.com\/about\/"},"modified":"2022-07-25T14:43:37","modified_gmt":"2022-07-25T11:43:37","slug":"about","status":"publish","type":"page","link":"https:\/\/torapetrol.com\/en\/about\/","title":{"rendered":"About"},"content":{"rendered":"<div class=\"fusion-fullwidth fullwidth-box fusion-builder-row-1 nonhundred-percent-fullwidth non-hundred-percent-height-scrolling\" style=\"--awb-border-radius-top-left:0px;--awb-border-radius-top-right:0px;--awb-border-radius-bottom-right:0px;--awb-border-radius-bottom-left:0px;--awb-padding-top:20px;--awb-padding-bottom:20px;--awb-flex-wrap:wrap;\" ><div class=\"fusion-builder-row fusion-row\"><div class=\"fusion-layout-column fusion_builder_column fusion-builder-column-0 fusion_builder_column_4_5 4_5 fusion-four-fifth fusion-column-first\" style=\"--awb-bg-size:cover;width:80%;width:calc(80% - ( ( 4% ) * 0.8 ) );margin-right: 4%;\"><div class=\"fusion-column-wrapper fusion-flex-column-wrapper-legacy\"><div class=\"fusion-title title fusion-title-1 sep-underline sep-solid fusion-title-text fusion-title-size-one\" style=\"--awb-margin-top-small:0px;--awb-margin-right-small:0px;--awb-margin-bottom-small:20px;--awb-margin-left-small:0px;\"><h1 class=\"fusion-title-heading title-heading-left\" style=\"margin:0;\">About us<\/h1><\/div><div class=\"fusion-text fusion-text-1\"><p><strong>What you want to know about the Tora.<\/strong><\/p>\n<p style=\"text-align: justify;\">Established in Istanbul in 1998, Tora Petrol \u00dcr\u00fcnleri M\u00fchendislik Elektrik ve Elektronik Sanayi ve Ticaret A.\u015e. provides engineering, consultancy and Ar-Ge services to meet the operating, equipment and technical safety needs of the <strong><a href=\"https:\/\/torapetrol.com\/elektrikli-arac-sarj-uniteleri\/\" target=\"_blank\" rel=\"noopener\">electric vehicle charging<\/a><\/strong>, fuel, LPG, CNG industry. It is an organization that produces professional solutions on demand (tailor model), as well as project design, implementation, periodical and preventive maintenance, machinery equipment production and ready-made product sales.<\/p>\n<p style=\"text-align: justify;\">TORA A.\u015e. The founders and senior management consists of engineers who have served in the fuel sector for many years, including petroleum exploration, and is the company that employs the most expert engineers in the sector.<\/p>\n<p style=\"text-align: justify;\">Being the pioneer of firsts, TORA designed the preventive maintenance program in the fuel oil service sector, started its first application and brought this important service to the sector. Simultaneously with the preventive maintenance program, the &#8220;remote risk environment monitoring&#8221; project, which is the first in the world, has been successfully continuing in our country for more than ten years.<\/p>\n<p style=\"text-align: justify;\">TORA has been granted the authority to do business in European countries by being included in the &#8220;European Contractors&#8221; list of the world&#8217;s leading companies, of which it is a representative and solution partner.<\/p>\n<p style=\"text-align: justify;\">TORA continues to be the exclusive representative of many brands, each of which is the world leader in their fields, in Turkey and nearby geographical regions.<\/p>\n<p style=\"text-align: justify;\">TORA provides fuel station infrastructure, construction, installation, pump, submersible, <strong><a href=\"https:\/\/torapetrol.com\/aydinlatma-armaturleri\/\" target=\"_blank\" rel=\"noopener noreferrer\">LED lighting<\/a><\/strong>, <a href=\"https:\/\/torapetrol.com\/hava-su-saatleri\/\" target=\"_blank\" rel=\"noopener noreferrer\"><strong>air-water clock<\/strong><\/a>, mechanical, <strong><a href=\"https:\/\/torapetrol.com\/akaryakit-pompalari\/\">dispense<\/a><\/strong>r, electrical and fuel automation processes, as well as engineering services for oil storage\/distribution companies and industrial facilities that have fuel storage facilities. It also provides project-consulting services, necessary equipment supply, installation\/installation services.<\/p>\n<p style=\"text-align: justify;\">It is the market leader in the supply, installation and service of the latest generation brushed\/brushless <a href=\"https:\/\/torapetrol.com\/otomatik-arac-yikama-sistemleri\/\"><strong>automatic car wash systems<\/strong><\/a> and tunnel type washing units.<\/p>\n<p style=\"text-align: justify;\">In addition to its R&amp;D studies and technological applications on alternative and renewable environmentally friendly energies, TORA constantly researches and invests in the production of equipment used in this field. Within the scope of EN-VER-Energy Efficiency-, by adding LED systems to R&amp;D studies in the field of light \/ lighting engineering, it gives a new perspective and momentum in the light of fuel stations in economic and visual terms, while the country takes the lead in energy efficiency and measures to reduce energy consumption.<\/p>\n<p style=\"text-align: justify;\">TORA carries out preventive periodic maintenance and inspection works, including tank cleaning, electrical installation and controlled grounding measurements, field and infrastructure control works of fuel stations, as well as gas detector system installation and calibration works.<\/p>\n<p style=\"text-align: justify;\">TORA provides the above-mentioned services and continues its activities with its 135 personnel and<a href=\"https:\/\/torapetrol.com\/bolge-servisleri\/\"><strong>37 regional services<\/strong><\/a> spread throughout the country in its Istanbul Headquarters, which includes approximately 3000 m2 closed and 4000 m2 open area, which also includes social and sports facilities.<\/p>\n<\/div><div class=\"fusion-clearfix\"><\/div><\/div><\/div><div class=\"fusion-layout-column fusion_builder_column fusion-builder-column-1 fusion_builder_column_1_5 1_5 fusion-one-fifth fusion-column-last\" style=\"--awb-bg-size:cover;width:20%;width:calc(20% - ( ( 4% ) * 0.2 ) );\"><div class=\"fusion-column-wrapper fusion-flex-column-wrapper-legacy\"><div class=\"fusion-widget-area awb-widget-area-element fusion-widget-area-1 fusion-content-widget-area\" style=\"--awb-title-size:13px;--awb-title-color:#333333;--awb-padding:0px 0px 0px 0px;\"><div id=\"nav_menu-16\" class=\"widget widget_nav_menu\"><div class=\"menu-about-menu-container\"><ul id=\"menu-about-menu\" class=\"menu\"><li id=\"menu-item-391\" class=\"menu-item menu-item-type-post_type menu-item-object-page menu-item-391\"><a href=\"https:\/\/torapetrol.com\/hakkinda\/\">About<\/a><\/li>\n<li id=\"menu-item-4743\" class=\"menu-item menu-item-type-custom menu-item-object-custom menu-item-4743\"><a href=\"https:\/\/torapetrol.com\/kvkk-politikamiz\/\">KVKK<\/a><\/li>\n<li id=\"menu-item-394\" class=\"menu-item menu-item-type-post_type menu-item-object-page menu-item-394\"><a href=\"https:\/\/torapetrol.com\/sertifikalarimiz\/\">Our certificates<\/a><\/li>\n<\/ul><\/div><\/div><div class=\"fusion-additional-widget-content\"><\/div><\/div><div class=\"fusion-clearfix\"><\/div><\/div><\/div><\/div><\/div>\n","protected":false},"excerpt":{"rendered":"","protected":false},"author":4,"featured_media":0,"parent":0,"menu_order":0,"comment_status":"closed","ping_status":"closed","template":"","meta":{"footnotes":""},"class_list":["post-8867","page","type-page","status-publish","hentry"],"yoast_head":"<!-- This site is optimized with the Yoast SEO plugin v27.5 - https:\/\/yoast.com\/product\/yoast-seo-wordpress\/ -->\n<title>About - You Can Ask Us All Your Questions About TORA<\/title>\n<meta name=\"description\" content=\"You can ask us all your questions about TORA. You can learn all the details of our products, services and services on our website.\" \/>\n<meta name=\"robots\" content=\"index, follow, max-snippet:-1, max-image-preview:large, max-video-preview:-1\" \/>\n<link rel=\"canonical\" href=\"https:\/\/torapetrol.com\/en\/about\/\" \/>\n<meta property=\"og:locale\" content=\"en_US\" \/>\n<meta property=\"og:type\" content=\"article\" \/>\n<meta property=\"og:title\" content=\"About - You Can Ask Us All Your Questions About TORA\" \/>\n<meta property=\"og:description\" content=\"You can ask us all your questions about TORA. You can learn all the details of our products, services and services on our website.\" \/>\n<meta property=\"og:url\" content=\"https:\/\/torapetrol.com\/en\/about\/\" \/>\n<meta property=\"og:site_name\" content=\"Tora Petrol\" \/>\n<meta property=\"article:publisher\" content=\"https:\/\/www.facebook.com\/torapetrol\" \/>\n<meta name=\"twitter:card\" content=\"summary_large_image\" \/>\n<meta name=\"twitter:site\" content=\"@torapetrol\" \/>\n<meta name=\"twitter:label1\" content=\"Est. reading time\" \/>\n\t<meta name=\"twitter:data1\" content=\"4 minutes\" \/>\n<script type=\"application\/ld+json\" class=\"yoast-schema-graph\">{\"@context\":\"https:\\\/\\\/schema.org\",\"@graph\":[{\"@type\":\"WebPage\",\"@id\":\"https:\\\/\\\/torapetrol.com\\\/en\\\/about\\\/\",\"url\":\"https:\\\/\\\/torapetrol.com\\\/en\\\/about\\\/\",\"name\":\"About - You Can Ask Us All Your Questions About TORA\",\"isPartOf\":{\"@id\":\"https:\\\/\\\/torapetrol.com\\\/en\\\/#website\"},\"datePublished\":\"2023-12-15T09:53:50+00:00\",\"description\":\"You can ask us all your questions about TORA. You can learn all the details of our products, services and services on our website.\",\"breadcrumb\":{\"@id\":\"https:\\\/\\\/torapetrol.com\\\/en\\\/about\\\/#breadcrumb\"},\"inLanguage\":\"en-US\",\"potentialAction\":[{\"@type\":\"ReadAction\",\"target\":[\"https:\\\/\\\/torapetrol.com\\\/en\\\/about\\\/\"]}]},{\"@type\":\"BreadcrumbList\",\"@id\":\"https:\\\/\\\/torapetrol.com\\\/en\\\/about\\\/#breadcrumb\",\"itemListElement\":[{\"@type\":\"ListItem\",\"position\":1,\"name\":\"Home\",\"item\":\"https:\\\/\\\/torapetrol.com\\\/en\\\/home-page\\\/\"},{\"@type\":\"ListItem\",\"position\":2,\"name\":\"About\"}]},{\"@type\":\"WebSite\",\"@id\":\"https:\\\/\\\/torapetrol.com\\\/en\\\/#website\",\"url\":\"https:\\\/\\\/torapetrol.com\\\/en\\\/\",\"name\":\"Tora Petrol\",\"description\":\"Tora Petrol M&uuml;hendisli\u011fi\",\"publisher\":{\"@id\":\"https:\\\/\\\/torapetrol.com\\\/en\\\/#organization\"},\"potentialAction\":[{\"@type\":\"SearchAction\",\"target\":{\"@type\":\"EntryPoint\",\"urlTemplate\":\"https:\\\/\\\/torapetrol.com\\\/en\\\/?s={search_term_string}\"},\"query-input\":{\"@type\":\"PropertyValueSpecification\",\"valueRequired\":true,\"valueName\":\"search_term_string\"}}],\"inLanguage\":\"en-US\"},{\"@type\":\"Organization\",\"@id\":\"https:\\\/\\\/torapetrol.com\\\/en\\\/#organization\",\"name\":\"Tora\",\"url\":\"https:\\\/\\\/torapetrol.com\\\/en\\\/\",\"logo\":{\"@type\":\"ImageObject\",\"inLanguage\":\"en-US\",\"@id\":\"https:\\\/\\\/torapetrol.com\\\/en\\\/#\\\/schema\\\/logo\\\/image\\\/\",\"url\":\"https:\\\/\\\/torapetrol.com\\\/wp-content\\\/uploads\\\/toralogo-kisalogo-renkli-2021_180x180.png\",\"contentUrl\":\"https:\\\/\\\/torapetrol.com\\\/wp-content\\\/uploads\\\/toralogo-kisalogo-renkli-2021_180x180.png\",\"width\":180,\"height\":180,\"caption\":\"Tora\"},\"image\":{\"@id\":\"https:\\\/\\\/torapetrol.com\\\/en\\\/#\\\/schema\\\/logo\\\/image\\\/\"},\"sameAs\":[\"https:\\\/\\\/www.facebook.com\\\/torapetrol\",\"https:\\\/\\\/x.com\\\/torapetrol\"]}]}<\/script>\n<!-- \/ Yoast SEO plugin. -->","yoast_head_json":{"title":"About - You Can Ask Us All Your Questions About TORA","description":"You can ask us all your questions about TORA. You can learn all the details of our products, services and services on our website.","robots":{"index":"index","follow":"follow","max-snippet":"max-snippet:-1","max-image-preview":"max-image-preview:large","max-video-preview":"max-video-preview:-1"},"canonical":"https:\/\/torapetrol.com\/en\/about\/","og_locale":"en_US","og_type":"article","og_title":"About - You Can Ask Us All Your Questions About TORA","og_description":"You can ask us all your questions about TORA. You can learn all the details of our products, services and services on our website.","og_url":"https:\/\/torapetrol.com\/en\/about\/","og_site_name":"Tora Petrol","article_publisher":"https:\/\/www.facebook.com\/torapetrol","twitter_card":"summary_large_image","twitter_site":"@torapetrol","twitter_misc":{"Est. reading time":"4 minutes"},"schema":{"@context":"https:\/\/schema.org","@graph":[{"@type":"WebPage","@id":"https:\/\/torapetrol.com\/en\/about\/","url":"https:\/\/torapetrol.com\/en\/about\/","name":"About - You Can Ask Us All Your Questions About TORA","isPartOf":{"@id":"https:\/\/torapetrol.com\/en\/#website"},"datePublished":"2023-12-15T09:53:50+00:00","description":"You can ask us all your questions about TORA. You can learn all the details of our products, services and services on our website.","breadcrumb":{"@id":"https:\/\/torapetrol.com\/en\/about\/#breadcrumb"},"inLanguage":"en-US","potentialAction":[{"@type":"ReadAction","target":["https:\/\/torapetrol.com\/en\/about\/"]}]},{"@type":"BreadcrumbList","@id":"https:\/\/torapetrol.com\/en\/about\/#breadcrumb","itemListElement":[{"@type":"ListItem","position":1,"name":"Home","item":"https:\/\/torapetrol.com\/en\/home-page\/"},{"@type":"ListItem","position":2,"name":"About"}]},{"@type":"WebSite","@id":"https:\/\/torapetrol.com\/en\/#website","url":"https:\/\/torapetrol.com\/en\/","name":"Tora Petrol","description":"Tora Petrol M&uuml;hendisli\u011fi","publisher":{"@id":"https:\/\/torapetrol.com\/en\/#organization"},"potentialAction":[{"@type":"SearchAction","target":{"@type":"EntryPoint","urlTemplate":"https:\/\/torapetrol.com\/en\/?s={search_term_string}"},"query-input":{"@type":"PropertyValueSpecification","valueRequired":true,"valueName":"search_term_string"}}],"inLanguage":"en-US"},{"@type":"Organization","@id":"https:\/\/torapetrol.com\/en\/#organization","name":"Tora","url":"https:\/\/torapetrol.com\/en\/","logo":{"@type":"ImageObject","inLanguage":"en-US","@id":"https:\/\/torapetrol.com\/en\/#\/schema\/logo\/image\/","url":"https:\/\/torapetrol.com\/wp-content\/uploads\/toralogo-kisalogo-renkli-2021_180x180.png","contentUrl":"https:\/\/torapetrol.com\/wp-content\/uploads\/toralogo-kisalogo-renkli-2021_180x180.png","width":180,"height":180,"caption":"Tora"},"image":{"@id":"https:\/\/torapetrol.com\/en\/#\/schema\/logo\/image\/"},"sameAs":["https:\/\/www.facebook.com\/torapetrol","https:\/\/x.com\/torapetrol"]}]}},"_links":{"self":[{"href":"https:\/\/torapetrol.com\/en\/wp-json\/wp\/v2\/pages\/8867","targetHints":{"allow":["GET"]}}],"collection":[{"href":"https:\/\/torapetrol.com\/en\/wp-json\/wp\/v2\/pages"}],"about":[{"href":"https:\/\/torapetrol.com\/en\/wp-json\/wp\/v2\/types\/page"}],"author":[{"embeddable":true,"href":"https:\/\/torapetrol.com\/en\/wp-json\/wp\/v2\/users\/4"}],"replies":[{"embeddable":true,"href":"https:\/\/torapetrol.com\/en\/wp-json\/wp\/v2\/comments?post=8867"}],"version-history":[{"count":2,"href":"https:\/\/torapetrol.com\/en\/wp-json\/wp\/v2\/pages\/8867\/revisions"}],"predecessor-version":[{"id":8869,"href":"https:\/\/torapetrol.com\/en\/wp-json\/wp\/v2\/pages\/8867\/revisions\/8869"}],"wp:attachment":[{"href":"https:\/\/torapetrol.com\/en\/wp-json\/wp\/v2\/media?parent=8867"}],"curies":[{"name":"wp","href":"https:\/\/api.w.org\/{rel}","templated":true}]}}