{"id":9862,"date":"2023-11-27T14:57:50","date_gmt":"2023-11-27T11:57:50","guid":{"rendered":"https:\/\/torapetrol.com\/tora-here-privacy-security-policy\/"},"modified":"2023-11-27T14:59:39","modified_gmt":"2023-11-27T11:59:39","slug":"tora-here-privacy-security-policy","status":"publish","type":"page","link":"https:\/\/torapetrol.com\/en\/tora-here-privacy-security-policy\/","title":{"rendered":"Tora Here Privacy &amp; Security Policy"},"content":{"rendered":"<div class=\"fusion-fullwidth fullwidth-box fusion-builder-row-1 fusion-flex-container nonhundred-percent-fullwidth non-hundred-percent-height-scrolling\" style=\"--awb-border-radius-top-left:0px;--awb-border-radius-top-right:0px;--awb-border-radius-bottom-right:0px;--awb-border-radius-bottom-left:0px;--awb-padding-top:20px;--awb-padding-bottom:20px;--awb-flex-wrap:wrap;\" ><div class=\"fusion-builder-row fusion-row fusion-flex-align-items-flex-start fusion-flex-content-wrap\" style=\"max-width:1144px;margin-left: calc(-4% \/ 2 );margin-right: calc(-4% \/ 2 );\"><div class=\"fusion-layout-column fusion_builder_column fusion-builder-column-0 fusion_builder_column_1_1 1_1 fusion-flex-column\" style=\"--awb-bg-size:cover;--awb-width-large:100%;--awb-margin-top-large:0px;--awb-spacing-right-large:1.92%;--awb-margin-bottom-large:20px;--awb-spacing-left-large:1.92%;--awb-width-medium:100%;--awb-spacing-right-medium:1.92%;--awb-spacing-left-medium:1.92%;--awb-width-small:100%;--awb-spacing-right-small:1.92%;--awb-spacing-left-small:1.92%;\"><div class=\"fusion-column-wrapper fusion-flex-justify-content-flex-start fusion-content-layout-column\"><div class=\"fusion-text fusion-text-1\"><p style=\"text-align: center;\"><strong>PRIVACY AND SECURITY POLICY<\/strong><\/p>\n<p>This privacy policy has been created to protect the privacy of users of the TORA Burada mobile application provided by Tora Petrol.<\/p>\n<p>1. Collected Information:<br \/>\nUsage Data:<br \/>\n\u2022 TORA Burada collects user location data (GPS) and device identification information (Android ID on Android devices, IdentifierForVendor on iOS devices).<br \/>\n\u2022 Similar to most other websites and online services, automatically generated data about how you use our application is collected and processed. The collected data includes your IP address and\/or unique device identifier. Device identification information is encrypted using the SHA256 algorithm and stored; direct device identification information is not stored.<br \/>\n\u2022 &#8220;Anonymous data&#8221; is used to improve the application without decrypting your identity. This data is never disclosed to third parties. Anonymous data such as the moment of application opening, screens opened within the application, and time spent on these screens is shared anonymously with the application owner.<br \/>\n\u2022 If the user authorization function is enabled, this data may be shared by associating it with the user. If you have enabled user authorization, your name and phone number are processed.<\/p>\n<p>Location Data:<br \/>\n\u2022 With your permission, the application may collect your geographical location data. You can block the collection of your consent and location data from your mobile device settings at any time.<\/p>\n<p>2. Database and Server:<br \/>\nThe collected information is stored on Tora Petrol&#8217;s secure servers.<br \/>\nTora Petrol uses this information only to provide the functionality required by the application and does not share it with third parties.<\/p>\n<p>3. User Connections:<br \/>\n\u2022 To use the TORA Burada mobile application, users must have a connection with Tora Petrol. Therefore, the application can only be used by users registered within Tora Petrol.<br \/>\n\u2022 Individuals without a connection to Tora Petrol cannot use the application, and no personal information is collected from these individuals.<\/p>\n<p>4. Security:<br \/>\n\u2022 Tora Petrol implements the latest technological security measures to keep user information secure.<br \/>\n\u2022 User information is protected against unauthorized access, changes, or disclosure.<br \/>\n\u2022 Technical and administrative measures are taken to protect your personal data from illegal actions. Some of the measures taken include securing servers with security walls, SSL connections, and encryption of data. Data storage and disposal processes are defined.<\/p>\n<p>5. Purposes of Processing Personal Data:<br \/>\nParties process personal data for the following purposes:<br \/>\n\u2022 To use the application,<br \/>\n\u2022 To keep information related to the application up to date,<br \/>\n\u2022 To improve and\/or customize the application,<br \/>\n\u2022 To prevent fraud, identity theft, and other illegal activities,<br \/>\n\u2022 To provide support,<br \/>\n\u2022 To meet user and authorized official requests.<br \/>\n\u2022 Your personal data is not disclosed, sold, or rented to third parties. However, limited to cases such as making payments through payment providers in paid applications, your personal data may be provided to third parties.<\/p>\n<p>6. Privacy Changes:<br \/>\n\u2022 Our privacy policy may be updated from time to time. We may use in-app notifications or other communication channels to inform our users of these changes.<br \/>\n\u2022 We recommend checking this page regularly to see updates.<br \/>\nThis privacy policy is designed to explain the information collected regarding the services provided by TORA Burada mobile application to Tora Petrol users. If you have any questions about this policy, please contact us.<\/p>\n<p style=\"text-align: justify;\">You can send an e-mail to <a href=\"mailto:info@tora.com.tr\">info@tora.com.tr<\/a> for any questions and suggestions regarding our privacy policy. You can reach us from the contact information of our company below.<\/p>\n<p style=\"text-align: justify;\">NAME\/TITLE: TORA PETROLEUM PRODUCTS ENGINEERING ELECTRONICS AND ELECTRICITY INDUSTRY. TIC. A.S<br \/>\nADDRESS: 15 TEMLY MAHALLES\u0130 G\u00dcLBAHAR CAD. GUROL SOK. NO:5 G\u00dcNE\u015eL\u0130 \u0130STANBUL<br \/>\nEMAIL: <a href=\"mailto:info@tora.com.tr\">info@tora.com.tr<\/a><br \/>\nPHONE: 02126563010<br \/>\nFAX:02126563005<\/p>\n<\/div><\/div><\/div><\/div><\/div>\n","protected":false},"excerpt":{"rendered":"","protected":false},"author":1,"featured_media":0,"parent":0,"menu_order":0,"comment_status":"closed","ping_status":"closed","template":"side-navigation.php","meta":{"footnotes":""},"class_list":["post-9862","page","type-page","status-publish","hentry"],"yoast_head":"<!-- This site is optimized with the Yoast SEO plugin v27.5 - https:\/\/yoast.com\/product\/yoast-seo-wordpress\/ -->\n<title>Tora Here Privacy &amp; Security Policy - Tora Petrol<\/title>\n<meta name=\"robots\" content=\"index, follow, max-snippet:-1, max-image-preview:large, max-video-preview:-1\" \/>\n<link rel=\"canonical\" href=\"https:\/\/torapetrol.com\/en\/tora-here-privacy-security-policy\/\" \/>\n<meta property=\"og:locale\" content=\"en_US\" \/>\n<meta property=\"og:type\" content=\"article\" \/>\n<meta property=\"og:title\" content=\"Tora Here Privacy &amp; Security Policy - Tora Petrol\" \/>\n<meta property=\"og:url\" content=\"https:\/\/torapetrol.com\/en\/tora-here-privacy-security-policy\/\" \/>\n<meta property=\"og:site_name\" content=\"Tora Petrol\" \/>\n<meta property=\"article:publisher\" content=\"https:\/\/www.facebook.com\/torapetrol\" \/>\n<meta property=\"article:modified_time\" content=\"2023-11-27T11:59:39+00:00\" \/>\n<meta name=\"twitter:card\" content=\"summary_large_image\" \/>\n<meta name=\"twitter:site\" content=\"@torapetrol\" \/>\n<meta name=\"twitter:label1\" content=\"Est. reading time\" \/>\n\t<meta name=\"twitter:data1\" content=\"4 minutes\" \/>\n<script type=\"application\/ld+json\" class=\"yoast-schema-graph\">{\"@context\":\"https:\\\/\\\/schema.org\",\"@graph\":[{\"@type\":\"WebPage\",\"@id\":\"https:\\\/\\\/torapetrol.com\\\/en\\\/tora-here-privacy-security-policy\\\/\",\"url\":\"https:\\\/\\\/torapetrol.com\\\/en\\\/tora-here-privacy-security-policy\\\/\",\"name\":\"Tora Here Privacy &amp; Security Policy - Tora Petrol\",\"isPartOf\":{\"@id\":\"https:\\\/\\\/torapetrol.com\\\/en\\\/#website\"},\"datePublished\":\"2023-11-27T11:57:50+00:00\",\"dateModified\":\"2023-11-27T11:59:39+00:00\",\"breadcrumb\":{\"@id\":\"https:\\\/\\\/torapetrol.com\\\/en\\\/tora-here-privacy-security-policy\\\/#breadcrumb\"},\"inLanguage\":\"en-US\",\"potentialAction\":[{\"@type\":\"ReadAction\",\"target\":[\"https:\\\/\\\/torapetrol.com\\\/en\\\/tora-here-privacy-security-policy\\\/\"]}]},{\"@type\":\"BreadcrumbList\",\"@id\":\"https:\\\/\\\/torapetrol.com\\\/en\\\/tora-here-privacy-security-policy\\\/#breadcrumb\",\"itemListElement\":[{\"@type\":\"ListItem\",\"position\":1,\"name\":\"Home\",\"item\":\"https:\\\/\\\/torapetrol.com\\\/en\\\/home-page\\\/\"},{\"@type\":\"ListItem\",\"position\":2,\"name\":\"Tora Here Privacy &amp; Security Policy\"}]},{\"@type\":\"WebSite\",\"@id\":\"https:\\\/\\\/torapetrol.com\\\/en\\\/#website\",\"url\":\"https:\\\/\\\/torapetrol.com\\\/en\\\/\",\"name\":\"Tora Petrol\",\"description\":\"Tora Petrol M&uuml;hendisli\u011fi\",\"publisher\":{\"@id\":\"https:\\\/\\\/torapetrol.com\\\/en\\\/#organization\"},\"potentialAction\":[{\"@type\":\"SearchAction\",\"target\":{\"@type\":\"EntryPoint\",\"urlTemplate\":\"https:\\\/\\\/torapetrol.com\\\/en\\\/?s={search_term_string}\"},\"query-input\":{\"@type\":\"PropertyValueSpecification\",\"valueRequired\":true,\"valueName\":\"search_term_string\"}}],\"inLanguage\":\"en-US\"},{\"@type\":\"Organization\",\"@id\":\"https:\\\/\\\/torapetrol.com\\\/en\\\/#organization\",\"name\":\"Tora\",\"url\":\"https:\\\/\\\/torapetrol.com\\\/en\\\/\",\"logo\":{\"@type\":\"ImageObject\",\"inLanguage\":\"en-US\",\"@id\":\"https:\\\/\\\/torapetrol.com\\\/en\\\/#\\\/schema\\\/logo\\\/image\\\/\",\"url\":\"https:\\\/\\\/torapetrol.com\\\/wp-content\\\/uploads\\\/toralogo-kisalogo-renkli-2021_180x180.png\",\"contentUrl\":\"https:\\\/\\\/torapetrol.com\\\/wp-content\\\/uploads\\\/toralogo-kisalogo-renkli-2021_180x180.png\",\"width\":180,\"height\":180,\"caption\":\"Tora\"},\"image\":{\"@id\":\"https:\\\/\\\/torapetrol.com\\\/en\\\/#\\\/schema\\\/logo\\\/image\\\/\"},\"sameAs\":[\"https:\\\/\\\/www.facebook.com\\\/torapetrol\",\"https:\\\/\\\/x.com\\\/torapetrol\"]}]}<\/script>\n<!-- \/ Yoast SEO plugin. -->","yoast_head_json":{"title":"Tora Here Privacy &amp; Security Policy - Tora Petrol","robots":{"index":"index","follow":"follow","max-snippet":"max-snippet:-1","max-image-preview":"max-image-preview:large","max-video-preview":"max-video-preview:-1"},"canonical":"https:\/\/torapetrol.com\/en\/tora-here-privacy-security-policy\/","og_locale":"en_US","og_type":"article","og_title":"Tora Here Privacy &amp; Security Policy - Tora Petrol","og_url":"https:\/\/torapetrol.com\/en\/tora-here-privacy-security-policy\/","og_site_name":"Tora Petrol","article_publisher":"https:\/\/www.facebook.com\/torapetrol","article_modified_time":"2023-11-27T11:59:39+00:00","twitter_card":"summary_large_image","twitter_site":"@torapetrol","twitter_misc":{"Est. reading time":"4 minutes"},"schema":{"@context":"https:\/\/schema.org","@graph":[{"@type":"WebPage","@id":"https:\/\/torapetrol.com\/en\/tora-here-privacy-security-policy\/","url":"https:\/\/torapetrol.com\/en\/tora-here-privacy-security-policy\/","name":"Tora Here Privacy &amp; Security Policy - Tora Petrol","isPartOf":{"@id":"https:\/\/torapetrol.com\/en\/#website"},"datePublished":"2023-11-27T11:57:50+00:00","dateModified":"2023-11-27T11:59:39+00:00","breadcrumb":{"@id":"https:\/\/torapetrol.com\/en\/tora-here-privacy-security-policy\/#breadcrumb"},"inLanguage":"en-US","potentialAction":[{"@type":"ReadAction","target":["https:\/\/torapetrol.com\/en\/tora-here-privacy-security-policy\/"]}]},{"@type":"BreadcrumbList","@id":"https:\/\/torapetrol.com\/en\/tora-here-privacy-security-policy\/#breadcrumb","itemListElement":[{"@type":"ListItem","position":1,"name":"Home","item":"https:\/\/torapetrol.com\/en\/home-page\/"},{"@type":"ListItem","position":2,"name":"Tora Here Privacy &amp; Security Policy"}]},{"@type":"WebSite","@id":"https:\/\/torapetrol.com\/en\/#website","url":"https:\/\/torapetrol.com\/en\/","name":"Tora Petrol","description":"Tora Petrol M&uuml;hendisli\u011fi","publisher":{"@id":"https:\/\/torapetrol.com\/en\/#organization"},"potentialAction":[{"@type":"SearchAction","target":{"@type":"EntryPoint","urlTemplate":"https:\/\/torapetrol.com\/en\/?s={search_term_string}"},"query-input":{"@type":"PropertyValueSpecification","valueRequired":true,"valueName":"search_term_string"}}],"inLanguage":"en-US"},{"@type":"Organization","@id":"https:\/\/torapetrol.com\/en\/#organization","name":"Tora","url":"https:\/\/torapetrol.com\/en\/","logo":{"@type":"ImageObject","inLanguage":"en-US","@id":"https:\/\/torapetrol.com\/en\/#\/schema\/logo\/image\/","url":"https:\/\/torapetrol.com\/wp-content\/uploads\/toralogo-kisalogo-renkli-2021_180x180.png","contentUrl":"https:\/\/torapetrol.com\/wp-content\/uploads\/toralogo-kisalogo-renkli-2021_180x180.png","width":180,"height":180,"caption":"Tora"},"image":{"@id":"https:\/\/torapetrol.com\/en\/#\/schema\/logo\/image\/"},"sameAs":["https:\/\/www.facebook.com\/torapetrol","https:\/\/x.com\/torapetrol"]}]}},"_links":{"self":[{"href":"https:\/\/torapetrol.com\/en\/wp-json\/wp\/v2\/pages\/9862","targetHints":{"allow":["GET"]}}],"collection":[{"href":"https:\/\/torapetrol.com\/en\/wp-json\/wp\/v2\/pages"}],"about":[{"href":"https:\/\/torapetrol.com\/en\/wp-json\/wp\/v2\/types\/page"}],"author":[{"embeddable":true,"href":"https:\/\/torapetrol.com\/en\/wp-json\/wp\/v2\/users\/1"}],"replies":[{"embeddable":true,"href":"https:\/\/torapetrol.com\/en\/wp-json\/wp\/v2\/comments?post=9862"}],"version-history":[{"count":3,"href":"https:\/\/torapetrol.com\/en\/wp-json\/wp\/v2\/pages\/9862\/revisions"}],"predecessor-version":[{"id":9865,"href":"https:\/\/torapetrol.com\/en\/wp-json\/wp\/v2\/pages\/9862\/revisions\/9865"}],"wp:attachment":[{"href":"https:\/\/torapetrol.com\/en\/wp-json\/wp\/v2\/media?parent=9862"}],"curies":[{"name":"wp","href":"https:\/\/api.w.org\/{rel}","templated":true}]}}